{"id":352,"date":"2021-04-08T08:33:14","date_gmt":"2021-04-08T06:33:14","guid":{"rendered":"https:\/\/www.innovis.ai\/?page_id=352"},"modified":"2022-09-27T09:05:40","modified_gmt":"2022-09-27T07:05:40","slug":"introduction","status":"publish","type":"page","link":"https:\/\/innovis.rvltpreview.com\/en\/","title":{"rendered":"General"},"content":{"rendered":"<div class=\"d-none\" style=\"display: none;\">\n<h3>**Remote** surveillance and management of buildings<\/h3>\n<h3>Find your **way** to our services:<\/h3>\n<h3>Remote object protection<\/h3>\n<h3>Process automation<\/h3>\n<h3>Detection of internal or external criminality<\/h3>\n<h3>Automatic reception<\/h3>\n<h3>Predictive object maintenance<\/h3>\n<h3>Monitoring of parking<\/h3>\n<h3>We are here for you<\/h3>\n<p>Arrange a meeting and a free consultation. We will be happy to discuss your requirements and find a tailor-made solution.<\/p>\n<h3>Marek \u010cih\u00e1k<\/h3>\n<p>Sales Manager<\/p>\n<h3>Benefits of M2C Space<\/h3>\n<h3>About us<\/h3>\n<h3>References<\/h3>\n<h3>Do not hesitate to contact us<\/h3>\n<p>Are you interested in the M2C space system? We will gladly create a solution tailored to your needs.Sales manager<\/p>\n<\/div>\n<div class=\"d-none\" style=\"display: none;\">\n<h3>**Remote** surveillance and management of buildings<\/h3>\n<h3>Find your **way** to our services:<\/h3>\n<h3>Remote object protection<\/h3>\n<h3>Process automation<\/h3>\n<h3>Detection of internal or external criminality<\/h3>\n<h3>Automatic reception<\/h3>\n<h3>Predictive object maintenance<\/h3>\n<h3>Monitoring of parking<\/h3>\n<h3>We are here for you<\/h3>\n<p>Arrange a meeting and a free consultation. We will be happy to discuss your requirements and find a tailor-made solution.<\/p>\n<h3>Ing. Kate\u0159ina Kul\u00ed\u0161kov\u00e1<\/h3>\n<p>Sales Manager<\/p>\n<h3>Benefits of Space<\/h3>\n<h3>About us<\/h3>\n<h3>References<\/h3>\n<h3>Do not hesitate to contact us<\/h3>\n<p>Are you interested in the Space system? We will gladly create a solution tailored to your needs.<\/p>\n<h3>Kate\u0159ina Kul\u00ed\u0161kov\u00e1<\/h3>\n<p>Sales manager<\/p>\n<\/div>\n<div class='d-none' style='display:none;'>\n<h3>**Remote** surveillance and management of buildings<\/h3>\n<h3>Find your **way** to our services:<\/h3>\n<h3>Remote object protection<\/h3>\n<h3>Process automation<\/h3>\n<h3>Detection of internal or external criminality<\/h3>\n<h3>Automatic reception<\/h3>\n<h3>Predictive object maintenance<\/h3>\n<h3>Monitoring of parking<\/h3>\n<h3>Customized software solutions<\/h3>\n<h3>We are here for you<\/h3>\n<p>Arrange a meeting and a free consultation. We will be happy to discuss your requirements and find a tailor-made solution.<\/p>\n<h3>Ing. Kate\u0159ina Kul\u00ed\u0161kov\u00e1<\/h3>\n<p>Sales Manager <\/p>\n<h3>Benefits of Space<\/h3>\n<h3>About us<\/h3>\n<h3>References<\/h3>\n<h3>Do not hesitate to contact us<\/h3>\n<p>Are you interested in the Space system? We will gladly create a solution tailored to your needs.<\/p>\n<h3>Kate\u0159ina Kul\u00ed\u0161kov\u00e1<\/h3>\n<p>Sales manager<\/p><\/div>\n","protected":false},"excerpt":{"rendered":"<p>**Remote** surveillance and management of buildings Find your **way** to our services: Remote object protection Process automation Detection of internal or external criminality Automatic reception Predictive object maintenance Monitoring of parking We are here for you Arrange a meeting and a free consultation. We will be happy to discuss your requirements and find a tailor-made&#8230;<\/p>\n","protected":false},"author":7,"featured_media":0,"parent":0,"menu_order":0,"comment_status":"closed","ping_status":"closed","template":"pages\/page-blocks.php","meta":{"footnotes":""},"class_list":["post-352","page","type-page","status-publish","hentry"],"yoast_head":"<!-- This site is optimized with the Yoast SEO plugin v19.13 - https:\/\/yoast.com\/wordpress\/plugins\/seo\/ -->\n<title>General - M2C<\/title>\n<meta name=\"robots\" content=\"index, follow, max-snippet:-1, max-image-preview:large, max-video-preview:-1\" \/>\n<link rel=\"canonical\" href=\"https:\/\/innovis.rvltpreview.com\/en\/\" \/>\n<meta property=\"og:locale\" content=\"en_US\" \/>\n<meta property=\"og:type\" content=\"article\" \/>\n<meta property=\"og:title\" content=\"General - M2C\" \/>\n<meta property=\"og:description\" content=\"**Remote** surveillance and management of buildings Find your **way** to our services: Remote object protection Process automation Detection of internal or external criminality Automatic reception Predictive object maintenance Monitoring of parking We are here for you Arrange a meeting and a free consultation. We will be happy to discuss your requirements and find a tailor-made...\" \/>\n<meta property=\"og:url\" content=\"https:\/\/innovis.rvltpreview.com\/en\/\" \/>\n<meta property=\"og:site_name\" content=\"M2C\" \/>\n<meta property=\"article:modified_time\" content=\"2022-09-27T07:05:40+00:00\" \/>\n<meta name=\"twitter:card\" content=\"summary_large_image\" \/>\n<meta name=\"twitter:label1\" content=\"Est. reading time\" \/>\n\t<meta name=\"twitter:data1\" content=\"2 minutes\" \/>\n<!-- \/ Yoast SEO plugin. -->","yoast_head_json":{"title":"General - M2C","robots":{"index":"index","follow":"follow","max-snippet":"max-snippet:-1","max-image-preview":"max-image-preview:large","max-video-preview":"max-video-preview:-1"},"canonical":"https:\/\/innovis.rvltpreview.com\/en\/","og_locale":"en_US","og_type":"article","og_title":"General - M2C","og_description":"**Remote** surveillance and management of buildings Find your **way** to our services: Remote object protection Process automation Detection of internal or external criminality Automatic reception Predictive object maintenance Monitoring of parking We are here for you Arrange a meeting and a free consultation. We will be happy to discuss your requirements and find a tailor-made...","og_url":"https:\/\/innovis.rvltpreview.com\/en\/","og_site_name":"M2C","article_modified_time":"2022-09-27T07:05:40+00:00","twitter_card":"summary_large_image","twitter_misc":{"Est. reading time":"2 minutes"},"schema":{"@context":"https:\/\/schema.org","@graph":[{"@type":"WebPage","@id":"https:\/\/innovis.rvltpreview.com\/en\/","url":"https:\/\/innovis.rvltpreview.com\/en\/","name":"General - M2C","isPartOf":{"@id":"https:\/\/innovis.rvltpreview.com\/#website"},"datePublished":"2021-04-08T06:33:14+00:00","dateModified":"2022-09-27T07:05:40+00:00","breadcrumb":{"@id":"https:\/\/innovis.rvltpreview.com\/en\/#breadcrumb"},"inLanguage":"en-US","potentialAction":[{"@type":"ReadAction","target":["https:\/\/innovis.rvltpreview.com\/en\/"]}]},{"@type":"BreadcrumbList","@id":"https:\/\/innovis.rvltpreview.com\/en\/#breadcrumb","itemListElement":[{"@type":"ListItem","position":1,"name":"\u00davod","item":"https:\/\/innovis.rvltpreview.com\/en\/"},{"@type":"ListItem","position":2,"name":"General"}]},{"@type":"WebSite","@id":"https:\/\/innovis.rvltpreview.com\/#website","url":"https:\/\/innovis.rvltpreview.com\/","name":"M2C","description":"","potentialAction":[{"@type":"SearchAction","target":{"@type":"EntryPoint","urlTemplate":"https:\/\/innovis.rvltpreview.com\/?s={search_term_string}"},"query-input":"required name=search_term_string"}],"inLanguage":"en-US"}]}},"_links":{"self":[{"href":"https:\/\/innovis.rvltpreview.com\/en\/wp-json\/wp\/v2\/pages\/352","targetHints":{"allow":["GET"]}}],"collection":[{"href":"https:\/\/innovis.rvltpreview.com\/en\/wp-json\/wp\/v2\/pages"}],"about":[{"href":"https:\/\/innovis.rvltpreview.com\/en\/wp-json\/wp\/v2\/types\/page"}],"author":[{"embeddable":true,"href":"https:\/\/innovis.rvltpreview.com\/en\/wp-json\/wp\/v2\/users\/7"}],"replies":[{"embeddable":true,"href":"https:\/\/innovis.rvltpreview.com\/en\/wp-json\/wp\/v2\/comments?post=352"}],"version-history":[{"count":7,"href":"https:\/\/innovis.rvltpreview.com\/en\/wp-json\/wp\/v2\/pages\/352\/revisions"}],"predecessor-version":[{"id":1259,"href":"https:\/\/innovis.rvltpreview.com\/en\/wp-json\/wp\/v2\/pages\/352\/revisions\/1259"}],"wp:attachment":[{"href":"https:\/\/innovis.rvltpreview.com\/en\/wp-json\/wp\/v2\/media?parent=352"}],"curies":[{"name":"wp","href":"https:\/\/api.w.org\/{rel}","templated":true}]}}