{"id":385,"date":"2021-04-08T10:20:13","date_gmt":"2021-04-08T08:20:13","guid":{"rendered":"https:\/\/www.innovis.ai\/?page_id=385"},"modified":"2022-09-27T09:07:30","modified_gmt":"2022-09-27T07:07:30","slug":"industry-and-logistics","status":"publish","type":"page","link":"https:\/\/innovis.rvltpreview.com\/en\/industry-and-logistics\/","title":{"rendered":"Industry and logistics"},"content":{"rendered":"<div class=\"d-none\" style=\"display: none;\">\n<h3>Industry and logistics<\/h3>\n<p>M2C Space replaces or remotely controls work activities in the management of buildings and shopping centers. This will reduce operating costs and human resources. The system will also provide a thorough data analysis to facilitate your business decisions.<\/p>\n<p>&nbsp;<\/p>\n<p><strong>CHOOSE FROM THE FOLLOWING AREAS:<\/strong><\/p>\n<h3>Predictive object maintenance<\/h3>\n<h3>Process automation<\/h3>\n<h3>Monitoring of parking<\/h3>\n<h3>Traffic monitoring<\/h3>\n<h3>Monitoring of waste management<\/h3>\n<h3>Inspection of service organizations<\/h3>\n<h3>Access automation<\/h3>\n<h3>We are here for you<\/h3>\n<p>Arrange a meeting and a free consultation. We will be happy to discuss your requirements and find a tailor-made solution.<\/p>\n<h3>Marek \u010cih\u00e1k<\/h3>\n<p>Sales Manager<\/p>\n<h3>Remote object protection<\/h3>\n<h3>Automatic reception<\/h3>\n<h3>Detection of internal or external criminality<\/h3>\n<h3>Control of OHS, PE and FP<\/h3>\n<h3>Active response centre (ARC AND V-ARC)<\/h3>\n<h3>Protection of lone workers<\/h3>\n<h3>Processing of camera recordings<\/h3>\n<h3>Monitoring of movement of goods and persons<\/h3>\n<h3>Reporting of collected data<\/h3>\n<h3>Monitoring of work efficiency and working procedures<\/h3>\n<\/div>\n<div class='d-none' style='display:none;'>\n<h3>Industry and logistics<\/h3>\n<p>&nbsp;Space replaces or remotely controls work activities in the management of buildings and shopping centers. This will reduce operating costs and human resources. The system will also provide a thorough data analysis to facilitate your business decisions.<\/p>\n<p><\/p>\n<p><strong>CHOOSE FROM THE FOLLOWING AREAS:<\/strong><\/p>\n<h3>Predictive object maintenance<\/h3>\n<h3>Process automation<\/h3>\n<h3>Monitoring of parking<\/h3>\n<h3>Traffic monitoring<\/h3>\n<h3>Monitoring of waste management<\/h3>\n<h3>Inspection of service organizations<\/h3>\n<h3>Access automation<\/h3>\n<h3>We are here for you<\/h3>\n<p>Arrange a meeting and a free consultation. We will be happy to discuss your requirements and find a tailor-made solution.<\/p>\n<h3>Ing. Kate\u0159ina Kul\u00ed\u0161kov\u00e1<\/h3>\n<p>Sales Manager <\/p>\n<h3>Remote object protection<\/h3>\n<h3>Automatic reception<\/h3>\n<h3>Detection of internal or external criminality<\/h3>\n<h3>Control of OHS, PE and FP<\/h3>\n<h3>Active response centre (ARC AND V-ARC)<\/h3>\n<h3>Protection of lone workers<\/h3>\n<h3>Processing of camera recordings<\/h3>\n<h3>Monitoring of movement of goods and persons<\/h3>\n<h3>Reporting of collected data<\/h3>\n<h3>Monitoring of work efficiency and working procedures<\/h3>\n<\/div>\n","protected":false},"excerpt":{"rendered":"<p>Industry and logistics M2C Space replaces or remotely controls work activities in the management of buildings and shopping centers. This will reduce operating costs and human resources. The system will also provide a thorough data analysis to facilitate your business decisions. &nbsp; CHOOSE FROM THE FOLLOWING AREAS: Predictive object maintenance Process automation Monitoring of parking&#8230;<\/p>\n","protected":false},"author":7,"featured_media":0,"parent":0,"menu_order":0,"comment_status":"closed","ping_status":"closed","template":"pages\/page-blocks.php","meta":{"footnotes":""},"class_list":["post-385","page","type-page","status-publish","hentry"],"yoast_head":"<!-- This site is optimized with the Yoast SEO plugin v19.13 - https:\/\/yoast.com\/wordpress\/plugins\/seo\/ -->\n<title>Industry and logistics - M2C<\/title>\n<meta name=\"robots\" content=\"index, follow, max-snippet:-1, max-image-preview:large, max-video-preview:-1\" \/>\n<link rel=\"canonical\" href=\"https:\/\/innovis.rvltpreview.com\/en\/industry-and-logistics\/\" \/>\n<meta property=\"og:locale\" content=\"en_US\" \/>\n<meta property=\"og:type\" content=\"article\" \/>\n<meta property=\"og:title\" content=\"Industry and logistics - M2C\" \/>\n<meta property=\"og:description\" content=\"Industry and logistics M2C Space replaces or remotely controls work activities in the management of buildings and shopping centers. This will reduce operating costs and human resources. The system will also provide a thorough data analysis to facilitate your business decisions. &nbsp; CHOOSE FROM THE FOLLOWING AREAS: Predictive object maintenance Process automation Monitoring of parking...\" \/>\n<meta property=\"og:url\" content=\"https:\/\/innovis.rvltpreview.com\/en\/industry-and-logistics\/\" \/>\n<meta property=\"og:site_name\" content=\"M2C\" \/>\n<meta property=\"article:modified_time\" content=\"2022-09-27T07:07:30+00:00\" \/>\n<meta name=\"twitter:card\" content=\"summary_large_image\" \/>\n<meta name=\"twitter:label1\" content=\"Est. reading time\" \/>\n\t<meta name=\"twitter:data1\" content=\"1 minute\" \/>\n<!-- \/ Yoast SEO plugin. -->","yoast_head_json":{"title":"Industry and logistics - M2C","robots":{"index":"index","follow":"follow","max-snippet":"max-snippet:-1","max-image-preview":"max-image-preview:large","max-video-preview":"max-video-preview:-1"},"canonical":"https:\/\/innovis.rvltpreview.com\/en\/industry-and-logistics\/","og_locale":"en_US","og_type":"article","og_title":"Industry and logistics - M2C","og_description":"Industry and logistics M2C Space replaces or remotely controls work activities in the management of buildings and shopping centers. This will reduce operating costs and human resources. The system will also provide a thorough data analysis to facilitate your business decisions. &nbsp; CHOOSE FROM THE FOLLOWING AREAS: Predictive object maintenance Process automation Monitoring of parking...","og_url":"https:\/\/innovis.rvltpreview.com\/en\/industry-and-logistics\/","og_site_name":"M2C","article_modified_time":"2022-09-27T07:07:30+00:00","twitter_card":"summary_large_image","twitter_misc":{"Est. reading time":"1 minute"},"schema":{"@context":"https:\/\/schema.org","@graph":[{"@type":"WebPage","@id":"https:\/\/innovis.rvltpreview.com\/en\/industry-and-logistics\/","url":"https:\/\/innovis.rvltpreview.com\/en\/industry-and-logistics\/","name":"Industry and logistics - M2C","isPartOf":{"@id":"https:\/\/innovis.rvltpreview.com\/#website"},"datePublished":"2021-04-08T08:20:13+00:00","dateModified":"2022-09-27T07:07:30+00:00","breadcrumb":{"@id":"https:\/\/innovis.rvltpreview.com\/en\/industry-and-logistics\/#breadcrumb"},"inLanguage":"en-US","potentialAction":[{"@type":"ReadAction","target":["https:\/\/innovis.rvltpreview.com\/en\/industry-and-logistics\/"]}]},{"@type":"BreadcrumbList","@id":"https:\/\/innovis.rvltpreview.com\/en\/industry-and-logistics\/#breadcrumb","itemListElement":[{"@type":"ListItem","position":1,"name":"\u00davod","item":"https:\/\/innovis.rvltpreview.com\/en\/"},{"@type":"ListItem","position":2,"name":"Industry and logistics"}]},{"@type":"WebSite","@id":"https:\/\/innovis.rvltpreview.com\/#website","url":"https:\/\/innovis.rvltpreview.com\/","name":"M2C","description":"","potentialAction":[{"@type":"SearchAction","target":{"@type":"EntryPoint","urlTemplate":"https:\/\/innovis.rvltpreview.com\/?s={search_term_string}"},"query-input":"required name=search_term_string"}],"inLanguage":"en-US"}]}},"_links":{"self":[{"href":"https:\/\/innovis.rvltpreview.com\/en\/wp-json\/wp\/v2\/pages\/385","targetHints":{"allow":["GET"]}}],"collection":[{"href":"https:\/\/innovis.rvltpreview.com\/en\/wp-json\/wp\/v2\/pages"}],"about":[{"href":"https:\/\/innovis.rvltpreview.com\/en\/wp-json\/wp\/v2\/types\/page"}],"author":[{"embeddable":true,"href":"https:\/\/innovis.rvltpreview.com\/en\/wp-json\/wp\/v2\/users\/7"}],"replies":[{"embeddable":true,"href":"https:\/\/innovis.rvltpreview.com\/en\/wp-json\/wp\/v2\/comments?post=385"}],"version-history":[{"count":4,"href":"https:\/\/innovis.rvltpreview.com\/en\/wp-json\/wp\/v2\/pages\/385\/revisions"}],"predecessor-version":[{"id":1261,"href":"https:\/\/innovis.rvltpreview.com\/en\/wp-json\/wp\/v2\/pages\/385\/revisions\/1261"}],"wp:attachment":[{"href":"https:\/\/innovis.rvltpreview.com\/en\/wp-json\/wp\/v2\/media?parent=385"}],"curies":[{"name":"wp","href":"https:\/\/api.w.org\/{rel}","templated":true}]}}