{"id":322,"date":"2021-03-12T10:32:35","date_gmt":"2021-03-12T09:32:35","guid":{"rendered":"https:\/\/www.innovis.ai\/?page_id=322"},"modified":"2022-09-27T09:01:10","modified_gmt":"2022-09-27T07:01:10","slug":"komercne-budovy-a-hotely","status":"publish","type":"page","link":"https:\/\/innovis.rvltpreview.com\/sk\/komercne-budovy-a-hotely\/","title":{"rendered":"Komer\u010dn\u00e9 budovy a hotely"},"content":{"rendered":"<div class=\"d-none\" style=\"display: none;\">\n<h3>Komer\u010dn\u00e9 budovy a\u00a0hotely<\/h3>\n<p>M2C Space nahradzuje alebo vzdialene riadi pracovn\u00e9 \u010dinnosti pri spr\u00e1ve budov a obchodn\u00fdch centier. V\u010faka tomu zn\u00ed\u017ei n\u00e1klady na prev\u00e1dzku aj \u013eudsk\u00e9 zdroje. Syst\u00e9m zaist\u00ed tie\u017e d\u00f4kladn\u00fa anal\u00fdzu d\u00e1t, ktor\u00e1 u\u013eah\u010d\u00ed va\u0161e podnikate\u013esk\u00e9 rozhodovanie.<\/p>\n<p>&nbsp;<\/p>\n<p><span style=\"font-family: inherit;\"><strong>VYBERTE SI Z NASLEDUJ\u00daCICH OBLAST\u00cd:\u00a0<\/strong><\/span><\/p>\n<h3>Automatick\u00e1 recepcia<\/h3>\n<h3>Predikt\u00edvna \u00fadr\u017eba objektu<\/h3>\n<h3>Monitoring parkoviska<\/h3>\n<h3>Monitoring odpadov\u00e9ho hospod\u00e1rstva<\/h3>\n<h3>Kontrola servisn\u00fdch organiz\u00e1ci\u00ed<\/h3>\n<h3>Automatiz\u00e1cia vstupov<\/h3>\n<h3>Sme tu pre v\u00e1s<\/h3>\n<p>Dohodnite si s nami stretnutie a bezplatn\u00fa konzult\u00e1ciu, radi s vami preberieme va\u0161e po\u017eiadavky a spolo\u010dne n\u00e1jdeme rie\u0161enie \u0161it\u00e9 na mieru.<\/p>\n<h3>Bc. Zuzana Solarikova<\/h3>\n<p>Obchodn\u00fd mana\u017e\u00e9r<\/p>\n<h3>Vzdialen\u00e1 ochrana objektov<\/h3>\n<h3>Kontrolov\u00e1nie BOZP, OOPP a PO<\/h3>\n<h3>Pult centr\u00e1lnej ochrany (PCO a VPCO)<\/h3>\n<h3>Ochrana osamoten\u00fdch zamestnancov<\/h3>\n<h3>Odhalenie externej kriminality<\/h3>\n<h3>Monitoring pohybu os\u00f4b<\/h3>\n<h3>REPORTING ZHROMA\u017dDEN\u00ddCH D\u00c1T<\/h3>\n<h3>Monitoring efektivity pr\u00e1ce a pracovn\u00fdch postupov<\/h3>\n<\/div>\n<div class='d-none' style='display:none;'>\n<h3>Komer\u010dn\u00e9 budovy a\u00a0hotely<\/h3>\n<p>Space nahradzuje alebo vzdialene riadi pracovn\u00e9 \u010dinnosti pri spr\u00e1ve budov a obchodn\u00fdch centier. V\u010faka tomu zn\u00ed\u017ei n\u00e1klady na prev\u00e1dzku aj \u013eudsk\u00e9 zdroje. Syst\u00e9m zaist\u00ed tie\u017e d\u00f4kladn\u00fa anal\u00fdzu d\u00e1t, ktor\u00e1 u\u013eah\u010d\u00ed va\u0161e podnikate\u013esk\u00e9 rozhodovanie.\n<\/p>\n<p><\/p>\n<p><span style=\"font-family: inherit;\"><strong>VYBERTE SI Z NASLEDUJ\u00daCICH OBLAST\u00cd:&nbsp;<\/strong><\/span><\/p>\n<h3>Automatick\u00e1 recepcia<\/h3>\n<h3>Predikt\u00edvna \u00fadr\u017eba objektu<\/h3>\n<h3>Monitoring parkoviska<\/h3>\n<h3>Monitoring odpadov\u00e9ho hospod\u00e1rstva<\/h3>\n<h3>Kontrola servisn\u00fdch organiz\u00e1ci\u00ed<\/h3>\n<h3>Automatiz\u00e1cia vstupov<\/h3>\n<h3>Sme tu pre v\u00e1s<\/h3>\n<p>Dohodnite si s nami stretnutie a bezplatn\u00fa konzult\u00e1ciu, radi s vami preberieme va\u0161e po\u017eiadavky a spolo\u010dne n\u00e1jdeme rie\u0161enie \u0161it\u00e9 na mieru.<\/p>\n<h3>Nikola \u0160imkov\u00e1<\/h3>\n<p>Obchodn\u00fd mana\u017e\u00e9r<\/p>\n<h3>Vzdialen\u00e1 ochrana objektov<\/h3>\n<h3>Kontrolov\u00e1nie BOZP, OOPP a PO<\/h3>\n<h3>Pult centr\u00e1lnej ochrany (PCO a VPCO)<\/h3>\n<h3>Ochrana osamoten\u00fdch zamestnancov<\/h3>\n<h3>Odhalenie externej kriminality<\/h3>\n<h3>Monitoring pohybu os\u00f4b <\/h3>\n<h3>REPORTING ZHROMA\u017dDEN\u00ddCH D\u00c1T<\/h3>\n<h3>Monitoring efektivity pr\u00e1ce a pracovn\u00fdch postupov<\/h3>\n<\/div>\n","protected":false},"excerpt":{"rendered":"<p>    \u2022 M2C Space nahradzuje alebo vzdialene riadi pracovn\u00e9 \u010dinnosti pri spr\u00e1ve budov a obchodn\u00fdch centier. V\u010faka tomu zn\u00ed\u017ei n\u00e1klady na prev\u00e1dzku aj \u013eudsk\u00e9 zdroje. Syst\u00e9m zaist\u00ed tie\u017e d\u00f4kladn\u00fa anal\u00fdzu d\u00e1t, ktor\u00e1 u\u013eah\u010d\u00ed va\u0161e podnikate\u013esk\u00e9 rozhodovanie.<\/p>\n<p>VYBERTE SI Z NASLEDUJ\u00daCICH OBLAST\u00cd:<\/p>\n","protected":false},"author":7,"featured_media":0,"parent":0,"menu_order":0,"comment_status":"closed","ping_status":"closed","template":"pages\/page-blocks.php","meta":{"footnotes":""},"class_list":["post-322","page","type-page","status-publish","hentry"],"yoast_head":"<!-- This site is optimized with the Yoast SEO plugin v19.13 - https:\/\/yoast.com\/wordpress\/plugins\/seo\/ -->\n<title>Komer\u010dn\u00e9 budovy a hotely - M2C<\/title>\n<meta name=\"robots\" content=\"index, follow, max-snippet:-1, max-image-preview:large, max-video-preview:-1\" \/>\n<link rel=\"canonical\" href=\"https:\/\/innovis.rvltpreview.com\/sk\/komercne-budovy-a-hotely\/\" \/>\n<meta property=\"og:locale\" content=\"sk_SK\" \/>\n<meta property=\"og:type\" content=\"article\" \/>\n<meta property=\"og:title\" content=\"Komer\u010dn\u00e9 budovy a hotely - M2C\" \/>\n<meta property=\"og:description\" content=\"\u2022 M2C Space nahradzuje alebo vzdialene riadi pracovn\u00e9 \u010dinnosti pri spr\u00e1ve budov a obchodn\u00fdch centier. V\u010faka tomu zn\u00ed\u017ei n\u00e1klady na prev\u00e1dzku aj \u013eudsk\u00e9 zdroje. Syst\u00e9m zaist\u00ed tie\u017e d\u00f4kladn\u00fa anal\u00fdzu d\u00e1t, ktor\u00e1 u\u013eah\u010d\u00ed va\u0161e podnikate\u013esk\u00e9 rozhodovanie.    VYBERTE SI Z NASLEDUJ\u00daCICH OBLAST\u00cd:\" \/>\n<meta property=\"og:url\" content=\"https:\/\/innovis.rvltpreview.com\/sk\/komercne-budovy-a-hotely\/\" \/>\n<meta property=\"og:site_name\" content=\"M2C\" \/>\n<meta property=\"article:modified_time\" content=\"2022-09-27T07:01:10+00:00\" \/>\n<meta name=\"twitter:card\" content=\"summary_large_image\" \/>\n<meta name=\"twitter:label1\" content=\"Predpokladan\u00fd \u010das \u010d\u00edtania\" \/>\n\t<meta name=\"twitter:data1\" content=\"1 min\u00fata\" \/>\n<!-- \/ Yoast SEO plugin. -->","yoast_head_json":{"title":"Komer\u010dn\u00e9 budovy a hotely - M2C","robots":{"index":"index","follow":"follow","max-snippet":"max-snippet:-1","max-image-preview":"max-image-preview:large","max-video-preview":"max-video-preview:-1"},"canonical":"https:\/\/innovis.rvltpreview.com\/sk\/komercne-budovy-a-hotely\/","og_locale":"sk_SK","og_type":"article","og_title":"Komer\u010dn\u00e9 budovy a hotely - M2C","og_description":"\u2022 M2C Space nahradzuje alebo vzdialene riadi pracovn\u00e9 \u010dinnosti pri spr\u00e1ve budov a obchodn\u00fdch centier. V\u010faka tomu zn\u00ed\u017ei n\u00e1klady na prev\u00e1dzku aj \u013eudsk\u00e9 zdroje. Syst\u00e9m zaist\u00ed tie\u017e d\u00f4kladn\u00fa anal\u00fdzu d\u00e1t, ktor\u00e1 u\u013eah\u010d\u00ed va\u0161e podnikate\u013esk\u00e9 rozhodovanie.    VYBERTE SI Z NASLEDUJ\u00daCICH OBLAST\u00cd:","og_url":"https:\/\/innovis.rvltpreview.com\/sk\/komercne-budovy-a-hotely\/","og_site_name":"M2C","article_modified_time":"2022-09-27T07:01:10+00:00","twitter_card":"summary_large_image","twitter_misc":{"Predpokladan\u00fd \u010das \u010d\u00edtania":"1 min\u00fata"},"schema":{"@context":"https:\/\/schema.org","@graph":[{"@type":"WebPage","@id":"https:\/\/innovis.rvltpreview.com\/sk\/komercne-budovy-a-hotely\/","url":"https:\/\/innovis.rvltpreview.com\/sk\/komercne-budovy-a-hotely\/","name":"Komer\u010dn\u00e9 budovy a hotely - M2C","isPartOf":{"@id":"https:\/\/innovis.rvltpreview.com\/#website"},"datePublished":"2021-03-12T09:32:35+00:00","dateModified":"2022-09-27T07:01:10+00:00","breadcrumb":{"@id":"https:\/\/innovis.rvltpreview.com\/sk\/komercne-budovy-a-hotely\/#breadcrumb"},"inLanguage":"sk-SK","potentialAction":[{"@type":"ReadAction","target":["https:\/\/innovis.rvltpreview.com\/sk\/komercne-budovy-a-hotely\/"]}]},{"@type":"BreadcrumbList","@id":"https:\/\/innovis.rvltpreview.com\/sk\/komercne-budovy-a-hotely\/#breadcrumb","itemListElement":[{"@type":"ListItem","position":1,"name":"\u00davod","item":"https:\/\/innovis.rvltpreview.com\/sk\/"},{"@type":"ListItem","position":2,"name":"Komer\u010dn\u00e9 budovy a hotely"}]},{"@type":"WebSite","@id":"https:\/\/innovis.rvltpreview.com\/#website","url":"https:\/\/innovis.rvltpreview.com\/","name":"M2C","description":"","potentialAction":[{"@type":"SearchAction","target":{"@type":"EntryPoint","urlTemplate":"https:\/\/innovis.rvltpreview.com\/?s={search_term_string}"},"query-input":"required name=search_term_string"}],"inLanguage":"sk-SK"}]}},"_links":{"self":[{"href":"https:\/\/innovis.rvltpreview.com\/sk\/wp-json\/wp\/v2\/pages\/322","targetHints":{"allow":["GET"]}}],"collection":[{"href":"https:\/\/innovis.rvltpreview.com\/sk\/wp-json\/wp\/v2\/pages"}],"about":[{"href":"https:\/\/innovis.rvltpreview.com\/sk\/wp-json\/wp\/v2\/types\/page"}],"author":[{"embeddable":true,"href":"https:\/\/innovis.rvltpreview.com\/sk\/wp-json\/wp\/v2\/users\/7"}],"replies":[{"embeddable":true,"href":"https:\/\/innovis.rvltpreview.com\/sk\/wp-json\/wp\/v2\/comments?post=322"}],"version-history":[{"count":11,"href":"https:\/\/innovis.rvltpreview.com\/sk\/wp-json\/wp\/v2\/pages\/322\/revisions"}],"predecessor-version":[{"id":1254,"href":"https:\/\/innovis.rvltpreview.com\/sk\/wp-json\/wp\/v2\/pages\/322\/revisions\/1254"}],"wp:attachment":[{"href":"https:\/\/innovis.rvltpreview.com\/sk\/wp-json\/wp\/v2\/media?parent=322"}],"curies":[{"name":"wp","href":"https:\/\/api.w.org\/{rel}","templated":true}]}}