{"id":354,"date":"2021-04-08T08:35:01","date_gmt":"2021-04-08T06:35:01","guid":{"rendered":"https:\/\/www.innovis.ai\/?page_id=354"},"modified":"2022-09-27T08:59:17","modified_gmt":"2022-09-27T06:59:17","slug":"uvod","status":"publish","type":"page","link":"https:\/\/innovis.rvltpreview.com\/sk\/","title":{"rendered":"\u00davod"},"content":{"rendered":"<div class=\"d-none\" style=\"display: none;\">\n<h3>**Vzdialen\u00fd** doh\u013ead a spr\u00e1va budov<\/h3>\n<h3>N\u00e1jdete si **cestu** k na\u0161im slu\u017eb\u00e1m:<\/h3>\n<h3>Vzdialen\u00e1 ochrana objektov<\/h3>\n<h3>AUTOMATIZ\u00c1CIA PROCESOV<\/h3>\n<h3>Odhalenie internej \u010di externej kriminality<\/h3>\n<h3>Automatick\u00e1 recepcia<\/h3>\n<h3>Predikt\u00edvna \u00fadr\u017eba objektu<\/h3>\n<h3>Monitoring parkoviska<\/h3>\n<h3>Sme tu pre v\u00e1s<\/h3>\n<p>Dohodnite si s nami stretnutie a bezplatn\u00fa konzult\u00e1ciu, radi s vami preberieme va\u0161e po\u017eiadavky a spolo\u010dne n\u00e1jdeme rie\u0161enie \u0161it\u00e9 na mieru.<\/p>\n<h3>Bc. Zuzana Solarikova<\/h3>\n<p>Obchodn\u00fd mana\u017e\u00e9r<\/p>\n<h3>Pr\u00ednosy M2C Space<\/h3>\n<h3>O n\u00e1s<\/h3>\n<h3>Referencia<\/h3>\n<h3>Nev\u00e1hajte n\u00e1s kontaktova\u0165<\/h3>\n<p>Zaujal v\u00e1s syst\u00e9m M2C Space? Radi pre v\u00e1s vytvor\u00edme rie\u0161enie na mieru va\u0161ich potrieb.Obchodn\u00fd mana\u017e\u00e9r<\/p>\n<\/div>\n<div class='d-none' style='display:none;'>\n<h3>**Vzdialen\u00fd** doh\u013ead a spr\u00e1va budov<\/h3>\n<h3>N\u00e1jdete si **cestu** k na\u0161im slu\u017eb\u00e1m:<\/h3>\n<h3>Vzdialen\u00e1 ochrana objektov<\/h3>\n<h3>AUTOMATIZ\u00c1CIA PROCESOV<\/h3>\n<h3>Odhalenie internej \u010di externej kriminality<\/h3>\n<h3>Automatick\u00e1 recepcia<\/h3>\n<h3>Predikt\u00edvna \u00fadr\u017eba objektu<\/h3>\n<h3>Monitoring parkoviska<\/h3>\n<h3>Sme tu pre v\u00e1s<\/h3>\n<p>Dohodnite si s nami stretnutie a bezplatn\u00fa konzult\u00e1ciu, radi s vami preberieme va\u0161e po\u017eiadavky a spolo\u010dne n\u00e1jdeme rie\u0161enie \u0161it\u00e9 na mieru.<\/p>\n<h3>Nikola \u0160imkov\u00e1<\/h3>\n<p>Obchodn\u00fd mana\u017e\u00e9r<\/p>\n<h3>Pr\u00ednosy Space<\/h3>\n<h3>O n\u00e1s<\/h3>\n<h3>Referencia<\/h3>\n<h3>Nev\u00e1hajte n\u00e1s kontaktova\u0165<\/h3>\n<p>Zaujal v\u00e1s syst\u00e9m Space? Radi pre v\u00e1s vytvor\u00edme rie\u0161enie na mieru va\u0161ich potrieb.<\/p>\n<h3>Nikol \u0160imkov\u00e1<\/h3>\n<p>Obchodn\u00fd mana\u017e\u00e9r <\/p><\/div>\n","protected":false},"excerpt":{"rendered":"<p>**Vzdialen\u00fd** doh\u013ead a spr\u00e1va budov N\u00e1jdete si **cestu** k na\u0161im slu\u017eb\u00e1m: Vzdialen\u00e1 ochrana objektov AUTOMATIZ\u00c1CIA PROCESOV Odhalenie internej \u010di externej kriminality Automatick\u00e1 recepcia Predikt\u00edvna \u00fadr\u017eba objektu Monitoring parkoviska Sme tu pre v\u00e1s Dohodnite si s nami stretnutie a bezplatn\u00fa konzult\u00e1ciu, radi s vami preberieme va\u0161e po\u017eiadavky a spolo\u010dne n\u00e1jdeme rie\u0161enie \u0161it\u00e9 na mieru. Bc. Zuzana&#8230;<\/p>\n","protected":false},"author":7,"featured_media":0,"parent":0,"menu_order":0,"comment_status":"closed","ping_status":"closed","template":"pages\/page-blocks.php","meta":{"footnotes":""},"class_list":["post-354","page","type-page","status-publish","hentry"],"yoast_head":"<!-- This site is optimized with the Yoast SEO plugin v19.13 - https:\/\/yoast.com\/wordpress\/plugins\/seo\/ -->\n<title>\u00davod - M2C<\/title>\n<meta name=\"robots\" content=\"index, follow, max-snippet:-1, max-image-preview:large, max-video-preview:-1\" \/>\n<link rel=\"canonical\" href=\"https:\/\/innovis.rvltpreview.com\/sk\/\" \/>\n<meta property=\"og:locale\" content=\"sk_SK\" \/>\n<meta property=\"og:type\" content=\"article\" \/>\n<meta property=\"og:title\" content=\"\u00davod - M2C\" \/>\n<meta property=\"og:description\" content=\"**Vzdialen\u00fd** doh\u013ead a spr\u00e1va budov N\u00e1jdete si **cestu** k na\u0161im slu\u017eb\u00e1m: Vzdialen\u00e1 ochrana objektov AUTOMATIZ\u00c1CIA PROCESOV Odhalenie internej \u010di externej kriminality Automatick\u00e1 recepcia Predikt\u00edvna \u00fadr\u017eba objektu Monitoring parkoviska Sme tu pre v\u00e1s Dohodnite si s nami stretnutie a bezplatn\u00fa konzult\u00e1ciu, radi s vami preberieme va\u0161e po\u017eiadavky a spolo\u010dne n\u00e1jdeme rie\u0161enie \u0161it\u00e9 na mieru. Bc. Zuzana...\" \/>\n<meta property=\"og:url\" content=\"https:\/\/innovis.rvltpreview.com\/sk\/\" \/>\n<meta property=\"og:site_name\" content=\"M2C\" \/>\n<meta property=\"article:modified_time\" content=\"2022-09-27T06:59:17+00:00\" \/>\n<meta name=\"twitter:card\" content=\"summary_large_image\" \/>\n<meta name=\"twitter:label1\" content=\"Predpokladan\u00fd \u010das \u010d\u00edtania\" \/>\n\t<meta name=\"twitter:data1\" content=\"1 min\u00fata\" \/>\n<!-- \/ Yoast SEO plugin. -->","yoast_head_json":{"title":"\u00davod - M2C","robots":{"index":"index","follow":"follow","max-snippet":"max-snippet:-1","max-image-preview":"max-image-preview:large","max-video-preview":"max-video-preview:-1"},"canonical":"https:\/\/innovis.rvltpreview.com\/sk\/","og_locale":"sk_SK","og_type":"article","og_title":"\u00davod - M2C","og_description":"**Vzdialen\u00fd** doh\u013ead a spr\u00e1va budov N\u00e1jdete si **cestu** k na\u0161im slu\u017eb\u00e1m: Vzdialen\u00e1 ochrana objektov AUTOMATIZ\u00c1CIA PROCESOV Odhalenie internej \u010di externej kriminality Automatick\u00e1 recepcia Predikt\u00edvna \u00fadr\u017eba objektu Monitoring parkoviska Sme tu pre v\u00e1s Dohodnite si s nami stretnutie a bezplatn\u00fa konzult\u00e1ciu, radi s vami preberieme va\u0161e po\u017eiadavky a spolo\u010dne n\u00e1jdeme rie\u0161enie \u0161it\u00e9 na mieru. Bc. Zuzana...","og_url":"https:\/\/innovis.rvltpreview.com\/sk\/","og_site_name":"M2C","article_modified_time":"2022-09-27T06:59:17+00:00","twitter_card":"summary_large_image","twitter_misc":{"Predpokladan\u00fd \u010das \u010d\u00edtania":"1 min\u00fata"},"schema":{"@context":"https:\/\/schema.org","@graph":[{"@type":"WebPage","@id":"https:\/\/innovis.rvltpreview.com\/sk\/","url":"https:\/\/innovis.rvltpreview.com\/sk\/","name":"\u00davod - M2C","isPartOf":{"@id":"https:\/\/innovis.rvltpreview.com\/#website"},"datePublished":"2021-04-08T06:35:01+00:00","dateModified":"2022-09-27T06:59:17+00:00","breadcrumb":{"@id":"https:\/\/innovis.rvltpreview.com\/sk\/#breadcrumb"},"inLanguage":"sk-SK","potentialAction":[{"@type":"ReadAction","target":["https:\/\/innovis.rvltpreview.com\/sk\/"]}]},{"@type":"BreadcrumbList","@id":"https:\/\/innovis.rvltpreview.com\/sk\/#breadcrumb","itemListElement":[{"@type":"ListItem","position":1,"name":"\u00davod","item":"https:\/\/innovis.rvltpreview.com\/sk\/"},{"@type":"ListItem","position":2,"name":"\u00davod"}]},{"@type":"WebSite","@id":"https:\/\/innovis.rvltpreview.com\/#website","url":"https:\/\/innovis.rvltpreview.com\/","name":"M2C","description":"","potentialAction":[{"@type":"SearchAction","target":{"@type":"EntryPoint","urlTemplate":"https:\/\/innovis.rvltpreview.com\/?s={search_term_string}"},"query-input":"required name=search_term_string"}],"inLanguage":"sk-SK"}]}},"_links":{"self":[{"href":"https:\/\/innovis.rvltpreview.com\/sk\/wp-json\/wp\/v2\/pages\/354","targetHints":{"allow":["GET"]}}],"collection":[{"href":"https:\/\/innovis.rvltpreview.com\/sk\/wp-json\/wp\/v2\/pages"}],"about":[{"href":"https:\/\/innovis.rvltpreview.com\/sk\/wp-json\/wp\/v2\/types\/page"}],"author":[{"embeddable":true,"href":"https:\/\/innovis.rvltpreview.com\/sk\/wp-json\/wp\/v2\/users\/7"}],"replies":[{"embeddable":true,"href":"https:\/\/innovis.rvltpreview.com\/sk\/wp-json\/wp\/v2\/comments?post=354"}],"version-history":[{"count":3,"href":"https:\/\/innovis.rvltpreview.com\/sk\/wp-json\/wp\/v2\/pages\/354\/revisions"}],"predecessor-version":[{"id":1253,"href":"https:\/\/innovis.rvltpreview.com\/sk\/wp-json\/wp\/v2\/pages\/354\/revisions\/1253"}],"wp:attachment":[{"href":"https:\/\/innovis.rvltpreview.com\/sk\/wp-json\/wp\/v2\/media?parent=354"}],"curies":[{"name":"wp","href":"https:\/\/api.w.org\/{rel}","templated":true}]}}