{"id":674,"date":"2021-04-08T22:44:35","date_gmt":"2021-04-08T20:44:35","guid":{"rendered":"https:\/\/www.innovis.ai\/?page_id=674"},"modified":"2021-07-09T15:42:48","modified_gmt":"2021-07-09T13:42:48","slug":"referencie","status":"publish","type":"page","link":"https:\/\/innovis.rvltpreview.com\/sk\/referencie\/","title":{"rendered":"Referencie"},"content":{"rendered":"<div class='d-none' style='display:none;'>\n<h3>Referencie<\/h3>\n<h3>Nev\u00e1hajte n\u00e1s kontaktova\u0165<\/h3>\n<p>Zaujal v\u00e1s syst\u00e9m M2C Space? Radi pre v\u00e1s vytvor\u00edme rie\u0161enie na mieru va\u0161ich potrieb.<\/p>\n<h3>Bc. Zuzana Solarikova<\/h3>\n<p>Obchodn\u00fd mana\u017e\u00e9r <\/p><\/div>\n","protected":false},"excerpt":{"rendered":"<p>Referencie Nev\u00e1hajte n\u00e1s kontaktova\u0165 Zaujal v\u00e1s syst\u00e9m M2C Space? Radi pre v\u00e1s vytvor\u00edme rie\u0161enie na mieru va\u0161ich potrieb. Bc. Zuzana Solarikova Obchodn\u00fd mana\u017e\u00e9r<\/p>\n","protected":false},"author":7,"featured_media":0,"parent":0,"menu_order":0,"comment_status":"closed","ping_status":"closed","template":"pages\/page-blocks.php","meta":{"footnotes":""},"class_list":["post-674","page","type-page","status-publish","hentry"],"yoast_head":"<!-- This site is optimized with the Yoast SEO plugin v19.13 - https:\/\/yoast.com\/wordpress\/plugins\/seo\/ -->\n<title>Referencie - M2C<\/title>\n<meta name=\"robots\" content=\"index, follow, max-snippet:-1, max-image-preview:large, max-video-preview:-1\" \/>\n<link rel=\"canonical\" href=\"https:\/\/innovis.rvltpreview.com\/sk\/referencie\/\" \/>\n<meta property=\"og:locale\" content=\"sk_SK\" \/>\n<meta property=\"og:type\" content=\"article\" \/>\n<meta property=\"og:title\" content=\"Referencie - M2C\" \/>\n<meta property=\"og:description\" content=\"Referencie Nev\u00e1hajte n\u00e1s kontaktova\u0165 Zaujal v\u00e1s syst\u00e9m M2C Space? Radi pre v\u00e1s vytvor\u00edme rie\u0161enie na mieru va\u0161ich potrieb. Bc. Zuzana Solarikova Obchodn\u00fd mana\u017e\u00e9r\" \/>\n<meta property=\"og:url\" content=\"https:\/\/innovis.rvltpreview.com\/sk\/referencie\/\" \/>\n<meta property=\"og:site_name\" content=\"M2C\" \/>\n<meta property=\"article:modified_time\" content=\"2021-07-09T13:42:48+00:00\" \/>\n<meta name=\"twitter:card\" content=\"summary_large_image\" \/>\n<!-- \/ Yoast SEO plugin. -->","yoast_head_json":{"title":"Referencie - M2C","robots":{"index":"index","follow":"follow","max-snippet":"max-snippet:-1","max-image-preview":"max-image-preview:large","max-video-preview":"max-video-preview:-1"},"canonical":"https:\/\/innovis.rvltpreview.com\/sk\/referencie\/","og_locale":"sk_SK","og_type":"article","og_title":"Referencie - M2C","og_description":"Referencie Nev\u00e1hajte n\u00e1s kontaktova\u0165 Zaujal v\u00e1s syst\u00e9m M2C Space? Radi pre v\u00e1s vytvor\u00edme rie\u0161enie na mieru va\u0161ich potrieb. Bc. Zuzana Solarikova Obchodn\u00fd mana\u017e\u00e9r","og_url":"https:\/\/innovis.rvltpreview.com\/sk\/referencie\/","og_site_name":"M2C","article_modified_time":"2021-07-09T13:42:48+00:00","twitter_card":"summary_large_image","schema":{"@context":"https:\/\/schema.org","@graph":[{"@type":"WebPage","@id":"https:\/\/innovis.rvltpreview.com\/sk\/referencie\/","url":"https:\/\/innovis.rvltpreview.com\/sk\/referencie\/","name":"Referencie - M2C","isPartOf":{"@id":"https:\/\/innovis.rvltpreview.com\/#website"},"datePublished":"2021-04-08T20:44:35+00:00","dateModified":"2021-07-09T13:42:48+00:00","breadcrumb":{"@id":"https:\/\/innovis.rvltpreview.com\/sk\/referencie\/#breadcrumb"},"inLanguage":"sk-SK","potentialAction":[{"@type":"ReadAction","target":["https:\/\/innovis.rvltpreview.com\/sk\/referencie\/"]}]},{"@type":"BreadcrumbList","@id":"https:\/\/innovis.rvltpreview.com\/sk\/referencie\/#breadcrumb","itemListElement":[{"@type":"ListItem","position":1,"name":"\u00davod","item":"https:\/\/innovis.rvltpreview.com\/sk\/"},{"@type":"ListItem","position":2,"name":"Referencie"}]},{"@type":"WebSite","@id":"https:\/\/innovis.rvltpreview.com\/#website","url":"https:\/\/innovis.rvltpreview.com\/","name":"M2C","description":"","potentialAction":[{"@type":"SearchAction","target":{"@type":"EntryPoint","urlTemplate":"https:\/\/innovis.rvltpreview.com\/?s={search_term_string}"},"query-input":"required name=search_term_string"}],"inLanguage":"sk-SK"}]}},"_links":{"self":[{"href":"https:\/\/innovis.rvltpreview.com\/sk\/wp-json\/wp\/v2\/pages\/674","targetHints":{"allow":["GET"]}}],"collection":[{"href":"https:\/\/innovis.rvltpreview.com\/sk\/wp-json\/wp\/v2\/pages"}],"about":[{"href":"https:\/\/innovis.rvltpreview.com\/sk\/wp-json\/wp\/v2\/types\/page"}],"author":[{"embeddable":true,"href":"https:\/\/innovis.rvltpreview.com\/sk\/wp-json\/wp\/v2\/users\/7"}],"replies":[{"embeddable":true,"href":"https:\/\/innovis.rvltpreview.com\/sk\/wp-json\/wp\/v2\/comments?post=674"}],"version-history":[{"count":4,"href":"https:\/\/innovis.rvltpreview.com\/sk\/wp-json\/wp\/v2\/pages\/674\/revisions"}],"predecessor-version":[{"id":1122,"href":"https:\/\/innovis.rvltpreview.com\/sk\/wp-json\/wp\/v2\/pages\/674\/revisions\/1122"}],"wp:attachment":[{"href":"https:\/\/innovis.rvltpreview.com\/sk\/wp-json\/wp\/v2\/media?parent=674"}],"curies":[{"name":"wp","href":"https:\/\/api.w.org\/{rel}","templated":true}]}}